{"id":11582,"date":"2023-04-24T10:27:45","date_gmt":"2023-04-24T14:27:45","guid":{"rendered":"https:\/\/thetotalsmile.com\/?page_id=11582"},"modified":"2023-05-15T16:43:54","modified_gmt":"2023-05-15T20:43:54","slug":"se-pueden-prevenir-las-enfermedades-de-las-encias","status":"publish","type":"page","link":"https:\/\/thetotalsmile.com\/es\/can-gum-disease-be-prevented\/","title":{"rendered":"\u00bfSe pueden prevenir las enfermedades de las enc\u00edas?"},"content":{"rendered":"<div class=\"row\"  id=\"row-833892300\">\n\n\t<div id=\"col-57852050\" class=\"col medium-8 small-12 large-8\"  >\n\t\t\t\t<div class=\"col-inner\"  >\n\t\t\t\n\t\t\t\n<p>Watch this video to learn more about some causes of periodontal disease, as well as how susceptibility for gum disease can vary from person to person.<\/p>\n<div class=\"video video-fit mb\" style=\"padding-top:56.25%;\"><p><iframe loading=\"lazy\" title=\"Can Gum Disease Be Prevented? | The Total Smile | Periodontist in Beverly Hills\" width=\"1020\" height=\"574\" src=\"https:\/\/www.youtube.com\/embed\/yqVjFmpjYjs?wmode=transparent&amp;rel=0&amp;feature=oembed\" frameborder=\"0\" allow=\"accelerometer; autoplay; clipboard-write; encrypted-media; gyroscope; picture-in-picture; web-share\" allowfullscreen><\/iframe><\/p>\n<\/div>\n<p>The gum disease can be prevented because the cause of a disease, a dental plaque or bacterial plaque, which is what we call a biofilm, is that thin layer that consists of different types of bacterium. In fact, once you are flossing, if you hold it in front of a light, you may be able to see a whitish yellowish layer of bacteria, which smells really bad in many cases that causes the bad breath or halitosis.<\/p>\n<p>So that&#8217;s cause of a disease. The most important factor here is susceptibility of individual, because the causative factor is the same that been to dental plaque, good bacterial plaque. What is different, however, is the susceptibility of individuals. Some people are more prone for gum disease and alveolar bone loss and losing support around the teeth, and some people are less susceptible.<\/p>\n<p>So causative factor is bacterial plaque. Some of them are gram negative, some of them gram positive, but for different reason and through different pathway causes the bone loss and destruction of supporting a structure and losing the tooth.<\/p>\n\t\t<\/div>\n\t\t\t\t\t<\/div>\n\n\t\n\n\t<div id=\"col-954937756\" class=\"col medium-4 small-12 large-4\"  >\n\t\t\t\t<div class=\"col-inner\"  >\n\t\t\t\n\t\t\t\n<ul class=\"sidebar-wrapper ul-reset\"><aside id=\"text-13\" class=\"widget widget_text\">\t\t\t<div class=\"textwidget\"><div class=\"wpcf7 no-js\" id=\"wpcf7-f9-o1\" lang=\"en-US\" dir=\"ltr\" data-wpcf7-id=\"9\">\n<div class=\"screen-reader-response\">\n<p role=\"status\" aria-live=\"polite\" aria-atomic=\"true\">\n<ul><\/ul>\n<\/div>\n<form action=\"\/es\/wp-json\/wp\/v2\/pages\/11582#wpcf7-f9-o1\" method=\"post\" class=\"wpcf7-form init\" aria-label=\"Contact form\" novalidate=\"novalidate\" data-status=\"init\">\n<fieldset class=\"hidden-fields-container\"><input type=\"hidden\" name=\"_wpcf7\" value=\"9\" \/><input type=\"hidden\" name=\"_wpcf7_version\" value=\"6.1.5\" \/><input type=\"hidden\" name=\"_wpcf7_locale\" value=\"en_US\" \/><input type=\"hidden\" name=\"_wpcf7_unit_tag\" value=\"wpcf7-f9-o1\" \/><input type=\"hidden\" name=\"_wpcf7_container_post\" value=\"0\" \/><input type=\"hidden\" name=\"_wpcf7_posted_data_hash\" value=\"\" \/><br \/>\n<\/fieldset>\n<p><center><\/p>\n<h3>Complimentary Consultation<br \/>\n\t<\/h3>\n<p><\/center><\/p>\n<hr \/>\n<p><center><\/p>\n<p><span class=\"wpcf7-form-control-wrap\" data-name=\"your-name\"><input size=\"40\" maxlength=\"400\" class=\"wpcf7-form-control wpcf7-text wpcf7-validates-as-required\" aria-required=\"true\" aria-invalid=\"false\" placeholder=\"Name\" value=\"\" type=\"text\" name=\"your-name\" \/><\/span>\n\t<\/p>\n<p><span class=\"wpcf7-form-control-wrap\" data-name=\"your-email\"><input size=\"40\" maxlength=\"400\" class=\"wpcf7-form-control wpcf7-email wpcf7-validates-as-required wpcf7-text wpcf7-validates-as-email\" aria-required=\"true\" aria-invalid=\"false\" placeholder=\"Email\" value=\"\" type=\"email\" name=\"your-email\" \/><\/span>\n\t<\/p>\n<p><span class=\"wpcf7-form-control-wrap\" data-name=\"tel-545\"><input size=\"40\" maxlength=\"400\" class=\"wpcf7-form-control wpcf7-tel wpcf7-text wpcf7-validates-as-tel\" aria-invalid=\"false\" placeholder=\"Phone Number\" value=\"\" type=\"tel\" name=\"tel-545\" \/><\/span>\n\t<\/p>\n<p><span class=\"wpcf7-form-control-wrap\" data-name=\"your-message\"><textarea cols=\"40\" rows=\"10\" maxlength=\"2000\" class=\"wpcf7-form-control wpcf7-textarea\" aria-invalid=\"false\" placeholder=\"How Can We Help?\" name=\"your-message\"><\/textarea><\/span>\n\t<\/p>\n<p><input class=\"wpcf7-form-control wpcf7-submit has-spinner button\" type=\"submit\" value=\"Submit Request\" \/>\n\t<\/p>\n<p><\/center><input\n                    class=\"apbct_special_field apbct_email_id__wp_contact_form_7\"\n                    name=\"apbct__email_id__wp_contact_form_7\"\n                    aria-label=\"apbct__label_id__wp_contact_form_7\"\n                    type=\"text\" size=\"30\" maxlength=\"200\" autocomplete=\"off\"\n                    value=\"\"\n                \/><\/p>\n<div class=\"wpcf7-response-output\" aria-hidden=\"true\"><\/div>\n<\/form>\n<\/div>\n<\/div>\n\t\t<\/aside><aside id=\"nav_menu-2\" class=\"widget widget_nav_menu\"><span class=\"widget-title \"><span>Services<\/span><\/span><div class=\"is-divider small\"><\/div><div class=\"menu-services-container\"><ul id=\"menu-services\" class=\"menu\"><li id=\"menu-item-3490\" class=\"menu-item menu-item-type-post_type menu-item-object-page menu-item-3490\"><a href=\"https:\/\/thetotalsmile.com\/es\/gummy-smile\/\">Gummy Smile Correction<\/a><\/li>\n<li id=\"menu-item-3482\" class=\"menu-item menu-item-type-post_type menu-item-object-page menu-item-3482\"><a href=\"https:\/\/thetotalsmile.com\/es\/gum-bleaching-gallery\/\">Gum Bleaching in Beverly Hills CA<\/a><\/li>\n<li id=\"menu-item-3491\" class=\"menu-item menu-item-type-post_type menu-item-object-page menu-item-3491\"><a href=\"https:\/\/thetotalsmile.com\/es\/gum-grafting-root-coverage\/\">Gum Grafting &#038; Root Coverage<\/a><\/li>\n<li id=\"menu-item-3485\" class=\"menu-item menu-item-type-post_type menu-item-object-page menu-item-3485\"><a href=\"https:\/\/thetotalsmile.com\/es\/bone-grafting-ridge-preservation\/\">Bone Grafting &#038; Ridge Preservation<\/a><\/li>\n<li id=\"menu-item-3483\" class=\"menu-item menu-item-type-post_type menu-item-object-page menu-item-3483\"><a href=\"https:\/\/thetotalsmile.com\/es\/dental-implants\/\">Dental Implants<\/a><\/li>\n<li id=\"menu-item-3486\" class=\"menu-item menu-item-type-post_type menu-item-object-page menu-item-3486\"><a href=\"https:\/\/thetotalsmile.com\/es\/cosmetic-dentistry\/\">Cosmetic Dentistry<\/a><\/li>\n<li id=\"menu-item-3484\" class=\"menu-item menu-item-type-post_type menu-item-object-page menu-item-3484\"><a href=\"https:\/\/thetotalsmile.com\/es\/sedation-dentistry\/\">Sedation Dentistry<\/a><\/li>\n<li id=\"menu-item-3488\" class=\"menu-item menu-item-type-post_type menu-item-object-page menu-item-3488\"><a href=\"https:\/\/thetotalsmile.com\/es\/periodontal-disease-treating-gum-disease\/\">Periodontal Disease \/ Gum Disease<\/a><\/li>\n<\/ul><\/div><\/aside>\t\t<aside id=\"flatsome_recent_posts-17\" class=\"widget flatsome_recent_posts\">\t\t<span class=\"widget-title \"><span>Latest Posts<\/span><\/span><div class=\"is-divider small\"><\/div>\t\t<ul>\t\t\n\t\t\n\t\t<li class=\"recent-blog-posts-li\">\n\t\t\t<div class=\"flex-row recent-blog-posts align-top pt-half pb-half\">\n\t\t\t\t<div class=\"flex-col mr-half\">\n\t\t\t\t\t<div class=\"badge post-date  badge-outline\">\n\t\t\t\t\t\t\t<div class=\"badge-inner bg-fill\" style=\"background: url(https:\/\/thetotalsmile.com\/wp-content\/uploads\/2026\/01\/Bone-Grafting-for-Dental-Implants-in-Beverly-Hills-CA-Call-Today-280x280.jpg); border:0;\">\n                                \t\t\t\t\t\t\t<\/div>\n\t\t\t\t\t<\/div>\n\t\t\t\t<\/div>\n\t\t\t\t<div class=\"flex-col flex-grow\">\n\t\t\t\t\t  <a href=\"https:\/\/thetotalsmile.com\/es\/restore-your-smile-with-bone-grafting-for-dental-implants-case-study\/\" title=\"Restore Your Smile With Bone Grafting for Dental Implants [Case Study]\">Restore Your Smile With Bone Grafting for Dental Implants [Case Study]<\/a>\n\t\t\t\t   \t  <span class=\"post_comments op-7 block is-xsmall\"><a href=\"https:\/\/thetotalsmile.com\/es\/restore-your-smile-with-bone-grafting-for-dental-implants-case-study\/#respond\"><\/a><\/span>\n\t\t\t\t<\/div>\n\t\t\t<\/div>\n\t\t<\/li>\n\t\t\n\t\t\n\t\t<li class=\"recent-blog-posts-li\">\n\t\t\t<div class=\"flex-row recent-blog-posts align-top pt-half pb-half\">\n\t\t\t\t<div class=\"flex-col mr-half\">\n\t\t\t\t\t<div class=\"badge post-date  badge-outline\">\n\t\t\t\t\t\t\t<div class=\"badge-inner bg-fill\" style=\"background: url(https:\/\/thetotalsmile.com\/wp-content\/uploads\/2016\/10\/shutterstock_506777470-280x280.jpg); border:0;\">\n                                \t\t\t\t\t\t\t<\/div>\n\t\t\t\t\t<\/div>\n\t\t\t\t<\/div>\n\t\t\t\t<div class=\"flex-col flex-grow\">\n\t\t\t\t\t  <a href=\"https:\/\/thetotalsmile.com\/es\/top-beverly-hills-dentist-sees-increased-medical-tourism-for-his-unique-dental-procedures\/\" title=\"Top Beverly Hills Dentist Sees Increased Medical Tourism for His Unique Dental Procedures\">Top Beverly Hills Dentist Sees Increased Medical Tourism for His Unique Dental Procedures<\/a>\n\t\t\t\t   \t  <span class=\"post_comments op-7 block is-xsmall\"><a href=\"https:\/\/thetotalsmile.com\/es\/top-beverly-hills-dentist-sees-increased-medical-tourism-for-his-unique-dental-procedures\/#respond\"><\/a><\/span>\n\t\t\t\t<\/div>\n\t\t\t<\/div>\n\t\t<\/li>\n\t\t\n\t\t\n\t\t<li class=\"recent-blog-posts-li\">\n\t\t\t<div class=\"flex-row recent-blog-posts align-top pt-half pb-half\">\n\t\t\t\t<div class=\"flex-col mr-half\">\n\t\t\t\t\t<div class=\"badge post-date  badge-outline\">\n\t\t\t\t\t\t\t<div class=\"badge-inner bg-fill\" style=\"background: url(https:\/\/thetotalsmile.com\/wp-content\/uploads\/2017\/08\/shutterstock_345523448-280x280.jpg); border:0;\">\n                                \t\t\t\t\t\t\t<\/div>\n\t\t\t\t\t<\/div>\n\t\t\t\t<\/div>\n\t\t\t\t<div class=\"flex-col flex-grow\">\n\t\t\t\t\t  <a href=\"https:\/\/thetotalsmile.com\/es\/go-total-smile-smile-want\/\" title=\"Go to the Total Smile for the Smile You Want\">Go to the Total Smile for the Smile You Want<\/a>\n\t\t\t\t   \t  <span class=\"post_comments op-7 block is-xsmall\"><a href=\"https:\/\/thetotalsmile.com\/es\/go-total-smile-smile-want\/#comments\"><strong>1<\/strong> Comment<\/a><\/span>\n\t\t\t\t<\/div>\n\t\t\t<\/div>\n\t\t<\/li>\n\t\t\n\t\t\n\t\t<li class=\"recent-blog-posts-li\">\n\t\t\t<div class=\"flex-row recent-blog-posts align-top pt-half pb-half\">\n\t\t\t\t<div class=\"flex-col mr-half\">\n\t\t\t\t\t<div class=\"badge post-date  badge-outline\">\n\t\t\t\t\t\t\t<div class=\"badge-inner bg-fill\" style=\"background: url(https:\/\/thetotalsmile.com\/wp-content\/uploads\/2017\/10\/The-Best-Treatment-for-Gummy-Smile-in-Los-Angeles-280x280.jpg); border:0;\">\n                                \t\t\t\t\t\t\t<\/div>\n\t\t\t\t\t<\/div>\n\t\t\t\t<\/div>\n\t\t\t\t<div class=\"flex-col flex-grow\">\n\t\t\t\t\t  <a href=\"https:\/\/thetotalsmile.com\/es\/best-treatment-gummy-smile-los-angeles\/\" title=\"The Best Treatment for Gummy Smile in Los Angeles\">The Best Treatment for Gummy Smile in Los Angeles<\/a>\n\t\t\t\t   \t  <span class=\"post_comments op-7 block is-xsmall\"><a href=\"https:\/\/thetotalsmile.com\/es\/best-treatment-gummy-smile-los-angeles\/#respond\"><\/a><\/span>\n\t\t\t\t<\/div>\n\t\t\t<\/div>\n\t\t<\/li>\n\t\t\n\t\t\n\t\t<li class=\"recent-blog-posts-li\">\n\t\t\t<div class=\"flex-row recent-blog-posts align-top pt-half pb-half\">\n\t\t\t\t<div class=\"flex-col mr-half\">\n\t\t\t\t\t<div class=\"badge post-date  badge-outline\">\n\t\t\t\t\t\t\t<div class=\"badge-inner bg-fill\" style=\"background: url(https:\/\/thetotalsmile.com\/wp-content\/uploads\/2016\/10\/Gummy-Smile-Treatment-by-our-Cosmetic-Dentist-in-Los-Angeles-280x280.jpg); border:0;\">\n                                \t\t\t\t\t\t\t<\/div>\n\t\t\t\t\t<\/div>\n\t\t\t\t<\/div>\n\t\t\t\t<div class=\"flex-col flex-grow\">\n\t\t\t\t\t  <a href=\"https:\/\/thetotalsmile.com\/es\/gummy-smile-treatment-offered-by-cosmetic-dentist-in-los-angeles\/\" title=\"Gummy Smile Treatment Offered by Cosmetic Dentist in Los Angeles\">Gummy Smile Treatment Offered by Cosmetic Dentist in Los Angeles<\/a>\n\t\t\t\t   \t  <span class=\"post_comments op-7 block is-xsmall\"><a href=\"https:\/\/thetotalsmile.com\/es\/gummy-smile-treatment-offered-by-cosmetic-dentist-in-los-angeles\/#respond\"><\/a><\/span>\n\t\t\t\t<\/div>\n\t\t\t<\/div>\n\t\t<\/li>\n\t\t\t\t<\/ul>\t\t<\/aside><\/ul>\n\t\t<\/div>\n\t\t\t\t\t<\/div>\n\n\t\n<\/div>\n","protected":false},"excerpt":{"rendered":"","protected":false},"author":6,"featured_media":11774,"parent":0,"menu_order":0,"comment_status":"closed","ping_status":"closed","template":"","meta":{"rop_custom_images_group":[],"rop_custom_messages_group":[],"rop_publish_now":"initial","rop_publish_now_accounts":{"twitter_58219819_58219819":"","gmb_109265489736877664202_accounts\/109265489736877664202\/locations\/7281873446466240174":"","facebook_1999313450418266_111979121991754":""},"rop_publish_now_history":[],"rop_publish_now_status":"pending","footnotes":""},"class_list":["post-11582","page","type-page","status-publish","has-post-thumbnail","hentry"],"yoast_head":"<!-- This site is optimized with the Yoast SEO plugin v27.4 - https:\/\/yoast.com\/product\/yoast-seo-wordpress\/ -->\n<title>Can Gum Disease Be Prevented? | The Total Smile | Beverly Hills<\/title>\n<meta name=\"description\" content=\"Watch this video to learn more about some causes of periodontal disease, as well as how susceptibility for gum disease can vary.\" \/>\n<meta name=\"robots\" content=\"index, follow, max-snippet:-1, max-image-preview:large, max-video-preview:-1\" \/>\n<link rel=\"canonical\" href=\"https:\/\/thetotalsmile.com\/es\/se-pueden-prevenir-las-enfermedades-de-las-encias\/\" \/>\n<meta property=\"og:locale\" content=\"es_MX\" \/>\n<meta property=\"og:type\" content=\"article\" \/>\n<meta property=\"og:title\" content=\"Can Gum Disease Be Prevented? | The Total Smile | Beverly Hills\" \/>\n<meta property=\"og:description\" content=\"Watch this video to learn more about some causes of periodontal disease, as well as how susceptibility for gum disease can vary.\" \/>\n<meta property=\"og:url\" content=\"https:\/\/thetotalsmile.com\/es\/se-pueden-prevenir-las-enfermedades-de-las-encias\/\" \/>\n<meta property=\"og:site_name\" content=\"The Total Smile - Dr. Alex Farnoosh\" \/>\n<meta property=\"article:publisher\" content=\"https:\/\/www.facebook.com\/thetotalsmile\/\" \/>\n<meta property=\"article:modified_time\" content=\"2023-05-15T20:43:54+00:00\" \/>\n<meta property=\"og:image\" content=\"https:\/\/thetotalsmile.com\/wp-content\/uploads\/2023\/04\/Can-Gum-Disease-Be-Prevented-The-Total-Smile-Beverly-Hills.jpg\" \/>\n\t<meta property=\"og:image:width\" content=\"500\" \/>\n\t<meta property=\"og:image:height\" content=\"206\" \/>\n\t<meta property=\"og:image:type\" content=\"image\/jpeg\" \/>\n<meta name=\"twitter:card\" content=\"summary_large_image\" \/>\n<meta name=\"twitter:site\" content=\"@thetotalsmile\" \/>\n<meta name=\"twitter:label1\" content=\"Tiempo de lectura\" \/>\n\t<meta name=\"twitter:data1\" content=\"1 minuto\" \/>\n<script type=\"application\/ld+json\" class=\"yoast-schema-graph\">{\"@context\":\"https:\\\/\\\/schema.org\",\"@graph\":[{\"@type\":\"WebPage\",\"@id\":\"https:\\\/\\\/thetotalsmile.com\\\/can-gum-disease-be-prevented\\\/\",\"url\":\"https:\\\/\\\/thetotalsmile.com\\\/can-gum-disease-be-prevented\\\/\",\"name\":\"Can Gum Disease Be Prevented? | The Total Smile | Beverly Hills\",\"isPartOf\":{\"@id\":\"https:\\\/\\\/thetotalsmile.com\\\/#website\"},\"primaryImageOfPage\":{\"@id\":\"https:\\\/\\\/thetotalsmile.com\\\/can-gum-disease-be-prevented\\\/#primaryimage\"},\"image\":{\"@id\":\"https:\\\/\\\/thetotalsmile.com\\\/can-gum-disease-be-prevented\\\/#primaryimage\"},\"thumbnailUrl\":\"https:\\\/\\\/thetotalsmile.com\\\/wp-content\\\/uploads\\\/2023\\\/04\\\/Can-Gum-Disease-Be-Prevented-The-Total-Smile-Beverly-Hills.jpg\",\"datePublished\":\"2023-04-24T14:27:45+00:00\",\"dateModified\":\"2023-05-15T20:43:54+00:00\",\"description\":\"Watch this video to learn more about some causes of periodontal disease, as well as how susceptibility for gum disease can vary.\",\"breadcrumb\":{\"@id\":\"https:\\\/\\\/thetotalsmile.com\\\/can-gum-disease-be-prevented\\\/#breadcrumb\"},\"inLanguage\":\"es-MX\",\"potentialAction\":[{\"@type\":\"ReadAction\",\"target\":[\"https:\\\/\\\/thetotalsmile.com\\\/can-gum-disease-be-prevented\\\/\"]}]},{\"@type\":\"ImageObject\",\"inLanguage\":\"es-MX\",\"@id\":\"https:\\\/\\\/thetotalsmile.com\\\/can-gum-disease-be-prevented\\\/#primaryimage\",\"url\":\"https:\\\/\\\/thetotalsmile.com\\\/wp-content\\\/uploads\\\/2023\\\/04\\\/Can-Gum-Disease-Be-Prevented-The-Total-Smile-Beverly-Hills.jpg\",\"contentUrl\":\"https:\\\/\\\/thetotalsmile.com\\\/wp-content\\\/uploads\\\/2023\\\/04\\\/Can-Gum-Disease-Be-Prevented-The-Total-Smile-Beverly-Hills.jpg\",\"width\":500,\"height\":206,\"caption\":\"Can Gum Disease Be Prevented The Total Smile Beverly Hills\"},{\"@type\":\"BreadcrumbList\",\"@id\":\"https:\\\/\\\/thetotalsmile.com\\\/can-gum-disease-be-prevented\\\/#breadcrumb\",\"itemListElement\":[{\"@type\":\"ListItem\",\"position\":1,\"name\":\"Home\",\"item\":\"https:\\\/\\\/thetotalsmile.com\\\/\"},{\"@type\":\"ListItem\",\"position\":2,\"name\":\"Can Gum Disease Be Prevented?\"}]},{\"@type\":\"WebSite\",\"@id\":\"https:\\\/\\\/thetotalsmile.com\\\/#website\",\"url\":\"https:\\\/\\\/thetotalsmile.com\\\/\",\"name\":\"The Total Smile - Dr. Alex Farnoosh\",\"description\":\"Gummy Smile &amp; Dark Gum Treatment in Los Angeles\",\"publisher\":{\"@id\":\"https:\\\/\\\/thetotalsmile.com\\\/#organization\"},\"potentialAction\":[{\"@type\":\"SearchAction\",\"target\":{\"@type\":\"EntryPoint\",\"urlTemplate\":\"https:\\\/\\\/thetotalsmile.com\\\/?s={search_term_string}\"},\"query-input\":{\"@type\":\"PropertyValueSpecification\",\"valueRequired\":true,\"valueName\":\"search_term_string\"}}],\"inLanguage\":\"es-MX\"},{\"@type\":\"Organization\",\"@id\":\"https:\\\/\\\/thetotalsmile.com\\\/#organization\",\"name\":\"The Total Smile: Gum Bleaching Specialist\",\"url\":\"https:\\\/\\\/thetotalsmile.com\\\/\",\"logo\":{\"@type\":\"ImageObject\",\"inLanguage\":\"es-MX\",\"@id\":\"https:\\\/\\\/thetotalsmile.com\\\/#\\\/schema\\\/logo\\\/image\\\/\",\"url\":\"https:\\\/\\\/thetotalsmile.com\\\/wp-content\\\/uploads\\\/2021\\\/09\\\/The-Total-Smile-Logo-Gummy-Smile-Dark-Gums-Periodontist-Los-Angeles-Dr.-Alex-Farnoosh.jpg\",\"contentUrl\":\"https:\\\/\\\/thetotalsmile.com\\\/wp-content\\\/uploads\\\/2021\\\/09\\\/The-Total-Smile-Logo-Gummy-Smile-Dark-Gums-Periodontist-Los-Angeles-Dr.-Alex-Farnoosh.jpg\",\"width\":300,\"height\":300,\"caption\":\"The Total Smile: Gum Bleaching Specialist\"},\"image\":{\"@id\":\"https:\\\/\\\/thetotalsmile.com\\\/#\\\/schema\\\/logo\\\/image\\\/\"},\"sameAs\":[\"https:\\\/\\\/www.facebook.com\\\/thetotalsmile\\\/\",\"https:\\\/\\\/x.com\\\/thetotalsmile\"]}]}<\/script>\n<!-- \/ Yoast SEO plugin. -->","yoast_head_json":{"title":"\u00bfSe puede prevenir la enfermedad de las enc\u00edas? | La Sonrisa Total Beverly Hills","description":"Vea este v\u00eddeo para obtener m\u00e1s informaci\u00f3n sobre algunas causas de la enfermedad periodontal, as\u00ed como sobre c\u00f3mo puede variar la susceptibilidad a la enfermedad de las enc\u00edas.","robots":{"index":"index","follow":"follow","max-snippet":"max-snippet:-1","max-image-preview":"max-image-preview:large","max-video-preview":"max-video-preview:-1"},"canonical":"https:\/\/thetotalsmile.com\/es\/se-pueden-prevenir-las-enfermedades-de-las-encias\/","og_locale":"es_MX","og_type":"article","og_title":"Can Gum Disease Be Prevented? | The Total Smile | Beverly Hills","og_description":"Watch this video to learn more about some causes of periodontal disease, as well as how susceptibility for gum disease can vary.","og_url":"https:\/\/thetotalsmile.com\/es\/se-pueden-prevenir-las-enfermedades-de-las-encias\/","og_site_name":"The Total Smile - Dr. Alex Farnoosh","article_publisher":"https:\/\/www.facebook.com\/thetotalsmile\/","article_modified_time":"2023-05-15T20:43:54+00:00","og_image":[{"width":500,"height":206,"url":"https:\/\/thetotalsmile.com\/wp-content\/uploads\/2023\/04\/Can-Gum-Disease-Be-Prevented-The-Total-Smile-Beverly-Hills.jpg","type":"image\/jpeg"}],"twitter_card":"summary_large_image","twitter_site":"@thetotalsmile","twitter_misc":{"Tiempo de lectura":"1 minuto"},"schema":{"@context":"https:\/\/schema.org","@graph":[{"@type":"WebPage","@id":"https:\/\/thetotalsmile.com\/can-gum-disease-be-prevented\/","url":"https:\/\/thetotalsmile.com\/can-gum-disease-be-prevented\/","name":"\u00bfSe puede prevenir la enfermedad de las enc\u00edas? | La Sonrisa Total Beverly Hills","isPartOf":{"@id":"https:\/\/thetotalsmile.com\/#website"},"primaryImageOfPage":{"@id":"https:\/\/thetotalsmile.com\/can-gum-disease-be-prevented\/#primaryimage"},"image":{"@id":"https:\/\/thetotalsmile.com\/can-gum-disease-be-prevented\/#primaryimage"},"thumbnailUrl":"https:\/\/thetotalsmile.com\/wp-content\/uploads\/2023\/04\/Can-Gum-Disease-Be-Prevented-The-Total-Smile-Beverly-Hills.jpg","datePublished":"2023-04-24T14:27:45+00:00","dateModified":"2023-05-15T20:43:54+00:00","description":"Vea este v\u00eddeo para obtener m\u00e1s informaci\u00f3n sobre algunas causas de la enfermedad periodontal, as\u00ed como sobre c\u00f3mo puede variar la susceptibilidad a la enfermedad de las enc\u00edas.","breadcrumb":{"@id":"https:\/\/thetotalsmile.com\/can-gum-disease-be-prevented\/#breadcrumb"},"inLanguage":"es-MX","potentialAction":[{"@type":"ReadAction","target":["https:\/\/thetotalsmile.com\/can-gum-disease-be-prevented\/"]}]},{"@type":"ImageObject","inLanguage":"es-MX","@id":"https:\/\/thetotalsmile.com\/can-gum-disease-be-prevented\/#primaryimage","url":"https:\/\/thetotalsmile.com\/wp-content\/uploads\/2023\/04\/Can-Gum-Disease-Be-Prevented-The-Total-Smile-Beverly-Hills.jpg","contentUrl":"https:\/\/thetotalsmile.com\/wp-content\/uploads\/2023\/04\/Can-Gum-Disease-Be-Prevented-The-Total-Smile-Beverly-Hills.jpg","width":500,"height":206,"caption":"Can Gum Disease Be Prevented The Total Smile Beverly Hills"},{"@type":"BreadcrumbList","@id":"https:\/\/thetotalsmile.com\/can-gum-disease-be-prevented\/#breadcrumb","itemListElement":[{"@type":"ListItem","position":1,"name":"Home","item":"https:\/\/thetotalsmile.com\/"},{"@type":"ListItem","position":2,"name":"Can Gum Disease Be Prevented?"}]},{"@type":"WebSite","@id":"https:\/\/thetotalsmile.com\/#website","url":"https:\/\/thetotalsmile.com\/","name":"La Sonrisa Total - Dr. Alex Farnoosh","description":"Sonrisa gingival y tratamiento de las enc\u00edas oscuras en Los \u00c1ngeles","publisher":{"@id":"https:\/\/thetotalsmile.com\/#organization"},"potentialAction":[{"@type":"SearchAction","target":{"@type":"EntryPoint","urlTemplate":"https:\/\/thetotalsmile.com\/?s={search_term_string}"},"query-input":{"@type":"PropertyValueSpecification","valueRequired":true,"valueName":"search_term_string"}}],"inLanguage":"es-MX"},{"@type":"Organization","@id":"https:\/\/thetotalsmile.com\/#organization","name":"La Sonrisa Total: Especialista en blanqueamiento de enc\u00edas","url":"https:\/\/thetotalsmile.com\/","logo":{"@type":"ImageObject","inLanguage":"es-MX","@id":"https:\/\/thetotalsmile.com\/#\/schema\/logo\/image\/","url":"https:\/\/thetotalsmile.com\/wp-content\/uploads\/2021\/09\/The-Total-Smile-Logo-Gummy-Smile-Dark-Gums-Periodontist-Los-Angeles-Dr.-Alex-Farnoosh.jpg","contentUrl":"https:\/\/thetotalsmile.com\/wp-content\/uploads\/2021\/09\/The-Total-Smile-Logo-Gummy-Smile-Dark-Gums-Periodontist-Los-Angeles-Dr.-Alex-Farnoosh.jpg","width":300,"height":300,"caption":"The Total Smile: Gum Bleaching Specialist"},"image":{"@id":"https:\/\/thetotalsmile.com\/#\/schema\/logo\/image\/"},"sameAs":["https:\/\/www.facebook.com\/thetotalsmile\/","https:\/\/x.com\/thetotalsmile"]}]}},"_links":{"self":[{"href":"https:\/\/thetotalsmile.com\/es\/wp-json\/wp\/v2\/pages\/11582","targetHints":{"allow":["GET"]}}],"collection":[{"href":"https:\/\/thetotalsmile.com\/es\/wp-json\/wp\/v2\/pages"}],"about":[{"href":"https:\/\/thetotalsmile.com\/es\/wp-json\/wp\/v2\/types\/page"}],"author":[{"embeddable":true,"href":"https:\/\/thetotalsmile.com\/es\/wp-json\/wp\/v2\/users\/6"}],"replies":[{"embeddable":true,"href":"https:\/\/thetotalsmile.com\/es\/wp-json\/wp\/v2\/comments?post=11582"}],"version-history":[{"count":0,"href":"https:\/\/thetotalsmile.com\/es\/wp-json\/wp\/v2\/pages\/11582\/revisions"}],"wp:featuredmedia":[{"embeddable":true,"href":"https:\/\/thetotalsmile.com\/es\/wp-json\/wp\/v2\/media\/11774"}],"wp:attachment":[{"href":"https:\/\/thetotalsmile.com\/es\/wp-json\/wp\/v2\/media?parent=11582"}],"curies":[{"name":"wp","href":"https:\/\/api.w.org\/{rel}","templated":true}]}}