{"id":11690,"date":"2023-04-24T12:50:59","date_gmt":"2023-04-24T16:50:59","guid":{"rendered":"https:\/\/thetotalsmile.com\/?page_id=11690"},"modified":"2023-05-15T16:55:24","modified_gmt":"2023-05-15T20:55:24","slug":"es-permanente-la-enfermedad-de-las-encias","status":"publish","type":"page","link":"https:\/\/thetotalsmile.com\/es\/is-gum-disease-permanent\/","title":{"rendered":"\u00bfEs permanente la enfermedad de las enc\u00edas?"},"content":{"rendered":"<div class=\"row\"  id=\"row-984125829\">\n\n\t<div id=\"col-141376870\" class=\"col medium-8 small-12 large-8\"  >\n\t\t\t\t<div class=\"col-inner\"  >\n\t\t\t\n\t\t\t\n<p>Watch this video to learn more about what situations and lifestyle choices play a role in the longevity of periodontal disease.<\/p>\n<div class=\"video video-fit mb\" style=\"padding-top:56.25%;\"><p><iframe loading=\"lazy\" title=\"Is Gum Disease Permanent? | The Total Smile | Periodontist in Beverly Hills\" width=\"1020\" height=\"574\" src=\"https:\/\/www.youtube.com\/embed\/c1F0_zieBbE?wmode=transparent&amp;rel=0&amp;feature=oembed\" frameborder=\"0\" allow=\"accelerometer; autoplay; clipboard-write; encrypted-media; gyroscope; picture-in-picture; web-share\" allowfullscreen><\/iframe><\/p>\n<\/div>\n<p>The gum disease could be permanent in terms of if it&#8217;s advanced form of a disease, obviously has caused tremendous amount of bone loss. And that bone loss, even with the treatment, even with the bone grafting, can never be exactly what you had before because you are dealing with what they call a loss of attachment or loss of the supporting structure.<\/p>\n<p>Some people complain after the gum treatment they have gaps between the teeth when they eat would bother them. They have to go immediately clean. And the reason for formation of those gaps because before treatment, all those gaps were filled with diseased tissue, the enlarged tissue, puffy tissue, inflamed tissue. So now after the treatment, the gum tissue becomes healthy.<\/p>\n<p>Number one will begin to shrink and have a tendency to go with the bones. Number two, all those gaps area, which was previously covered by diseased tissue, now diseased tissue is gone. Now they are exposed. So you have to really get in there either using the super floss or by flossing or proper inter proximal brush, which goes like a toothpick, but it goes between to clean it.<\/p>\n<p>So unfortunately that&#8217;s the end result of the gum disease. Those gaps you talking about. If the gaps is really wide and you are dealing with the upper front, that may even interfere with your speech pronouncing certain words. And so that&#8217;s another issue. So it\u2019s not only the health issue and the cosmetic aspect or aesthetic wise can create a tremendous problem. So the sooner you have treatment, the better it is.<\/p>\n\t\t<\/div>\n\t\t\t\t\t<\/div>\n\n\t\n\n\t<div id=\"col-1896842306\" class=\"col medium-4 small-12 large-4\"  >\n\t\t\t\t<div class=\"col-inner\"  >\n\t\t\t\n\t\t\t\n<ul class=\"sidebar-wrapper ul-reset\"><aside id=\"text-13\" class=\"widget widget_text\">\t\t\t<div class=\"textwidget\"><div class=\"wpcf7 no-js\" id=\"wpcf7-f9-o1\" lang=\"en-US\" dir=\"ltr\" data-wpcf7-id=\"9\">\n<div class=\"screen-reader-response\">\n<p role=\"status\" aria-live=\"polite\" aria-atomic=\"true\">\n<ul><\/ul>\n<\/div>\n<form action=\"\/es\/wp-json\/wp\/v2\/pages\/11690#wpcf7-f9-o1\" method=\"post\" class=\"wpcf7-form init\" aria-label=\"Contact form\" novalidate=\"novalidate\" data-status=\"init\">\n<fieldset class=\"hidden-fields-container\"><input type=\"hidden\" name=\"_wpcf7\" value=\"9\" \/><input type=\"hidden\" name=\"_wpcf7_version\" value=\"6.1.5\" \/><input type=\"hidden\" name=\"_wpcf7_locale\" value=\"en_US\" \/><input type=\"hidden\" name=\"_wpcf7_unit_tag\" value=\"wpcf7-f9-o1\" \/><input type=\"hidden\" name=\"_wpcf7_container_post\" value=\"0\" \/><input type=\"hidden\" name=\"_wpcf7_posted_data_hash\" value=\"\" \/><br \/>\n<\/fieldset>\n<p><center><\/p>\n<h3>Complimentary Consultation<br \/>\n\t<\/h3>\n<p><\/center><\/p>\n<hr \/>\n<p><center><\/p>\n<p><span class=\"wpcf7-form-control-wrap\" data-name=\"your-name\"><input size=\"40\" maxlength=\"400\" class=\"wpcf7-form-control wpcf7-text wpcf7-validates-as-required\" aria-required=\"true\" aria-invalid=\"false\" placeholder=\"Name\" value=\"\" type=\"text\" name=\"your-name\" \/><\/span>\n\t<\/p>\n<p><span class=\"wpcf7-form-control-wrap\" data-name=\"your-email\"><input size=\"40\" maxlength=\"400\" class=\"wpcf7-form-control wpcf7-email wpcf7-validates-as-required wpcf7-text wpcf7-validates-as-email\" aria-required=\"true\" aria-invalid=\"false\" placeholder=\"Email\" value=\"\" type=\"email\" name=\"your-email\" \/><\/span>\n\t<\/p>\n<p><span class=\"wpcf7-form-control-wrap\" data-name=\"tel-545\"><input size=\"40\" maxlength=\"400\" class=\"wpcf7-form-control wpcf7-tel wpcf7-text wpcf7-validates-as-tel\" aria-invalid=\"false\" placeholder=\"Phone Number\" value=\"\" type=\"tel\" name=\"tel-545\" \/><\/span>\n\t<\/p>\n<p><span class=\"wpcf7-form-control-wrap\" data-name=\"your-message\"><textarea cols=\"40\" rows=\"10\" maxlength=\"2000\" class=\"wpcf7-form-control wpcf7-textarea\" aria-invalid=\"false\" placeholder=\"How Can We Help?\" name=\"your-message\"><\/textarea><\/span>\n\t<\/p>\n<p><input class=\"wpcf7-form-control wpcf7-submit has-spinner button\" type=\"submit\" value=\"Submit Request\" \/>\n\t<\/p>\n<p><\/center><input\n                    class=\"apbct_special_field apbct_email_id__wp_contact_form_7\"\n                    name=\"apbct__email_id__wp_contact_form_7\"\n                    aria-label=\"apbct__label_id__wp_contact_form_7\"\n                    type=\"text\" size=\"30\" maxlength=\"200\" autocomplete=\"off\"\n                    value=\"\"\n                \/><\/p>\n<div class=\"wpcf7-response-output\" aria-hidden=\"true\"><\/div>\n<\/form>\n<\/div>\n<\/div>\n\t\t<\/aside><aside id=\"nav_menu-2\" class=\"widget widget_nav_menu\"><span class=\"widget-title \"><span>Services<\/span><\/span><div class=\"is-divider small\"><\/div><div class=\"menu-services-container\"><ul id=\"menu-services\" class=\"menu\"><li id=\"menu-item-3490\" class=\"menu-item menu-item-type-post_type menu-item-object-page menu-item-3490\"><a href=\"https:\/\/thetotalsmile.com\/es\/gummy-smile\/\">Gummy Smile Correction<\/a><\/li>\n<li id=\"menu-item-3482\" class=\"menu-item menu-item-type-post_type menu-item-object-page menu-item-3482\"><a href=\"https:\/\/thetotalsmile.com\/es\/gum-bleaching-gallery\/\">Gum Bleaching in Beverly Hills CA<\/a><\/li>\n<li id=\"menu-item-3491\" class=\"menu-item menu-item-type-post_type menu-item-object-page menu-item-3491\"><a href=\"https:\/\/thetotalsmile.com\/es\/gum-grafting-root-coverage\/\">Gum Grafting &#038; Root Coverage<\/a><\/li>\n<li id=\"menu-item-3485\" class=\"menu-item menu-item-type-post_type menu-item-object-page menu-item-3485\"><a href=\"https:\/\/thetotalsmile.com\/es\/bone-grafting-ridge-preservation\/\">Bone Grafting &#038; Ridge Preservation<\/a><\/li>\n<li id=\"menu-item-3483\" class=\"menu-item menu-item-type-post_type menu-item-object-page menu-item-3483\"><a href=\"https:\/\/thetotalsmile.com\/es\/dental-implants\/\">Dental Implants<\/a><\/li>\n<li id=\"menu-item-3486\" class=\"menu-item menu-item-type-post_type menu-item-object-page menu-item-3486\"><a href=\"https:\/\/thetotalsmile.com\/es\/cosmetic-dentistry\/\">Cosmetic Dentistry<\/a><\/li>\n<li id=\"menu-item-3484\" class=\"menu-item menu-item-type-post_type menu-item-object-page menu-item-3484\"><a href=\"https:\/\/thetotalsmile.com\/es\/sedation-dentistry\/\">Sedation Dentistry<\/a><\/li>\n<li id=\"menu-item-3488\" class=\"menu-item menu-item-type-post_type menu-item-object-page menu-item-3488\"><a href=\"https:\/\/thetotalsmile.com\/es\/periodontal-disease-treating-gum-disease\/\">Periodontal Disease \/ Gum Disease<\/a><\/li>\n<\/ul><\/div><\/aside>\t\t<aside id=\"flatsome_recent_posts-17\" class=\"widget flatsome_recent_posts\">\t\t<span class=\"widget-title \"><span>Latest Posts<\/span><\/span><div class=\"is-divider small\"><\/div>\t\t<ul>\t\t\n\t\t\n\t\t<li class=\"recent-blog-posts-li\">\n\t\t\t<div class=\"flex-row recent-blog-posts align-top pt-half pb-half\">\n\t\t\t\t<div class=\"flex-col mr-half\">\n\t\t\t\t\t<div class=\"badge post-date  badge-outline\">\n\t\t\t\t\t\t\t<div class=\"badge-inner bg-fill\" style=\"background: url(https:\/\/thetotalsmile.com\/wp-content\/uploads\/2026\/01\/Bone-Grafting-for-Dental-Implants-in-Beverly-Hills-CA-Call-Today-280x280.jpg); border:0;\">\n                                \t\t\t\t\t\t\t<\/div>\n\t\t\t\t\t<\/div>\n\t\t\t\t<\/div>\n\t\t\t\t<div class=\"flex-col flex-grow\">\n\t\t\t\t\t  <a href=\"https:\/\/thetotalsmile.com\/es\/restore-your-smile-with-bone-grafting-for-dental-implants-case-study\/\" title=\"Restore Your Smile With Bone Grafting for Dental Implants [Case Study]\">Restore Your Smile With Bone Grafting for Dental Implants [Case Study]<\/a>\n\t\t\t\t   \t  <span class=\"post_comments op-7 block is-xsmall\"><a href=\"https:\/\/thetotalsmile.com\/es\/restore-your-smile-with-bone-grafting-for-dental-implants-case-study\/#respond\"><\/a><\/span>\n\t\t\t\t<\/div>\n\t\t\t<\/div>\n\t\t<\/li>\n\t\t\n\t\t\n\t\t<li class=\"recent-blog-posts-li\">\n\t\t\t<div class=\"flex-row recent-blog-posts align-top pt-half pb-half\">\n\t\t\t\t<div class=\"flex-col mr-half\">\n\t\t\t\t\t<div class=\"badge post-date  badge-outline\">\n\t\t\t\t\t\t\t<div class=\"badge-inner bg-fill\" style=\"background: url(https:\/\/thetotalsmile.com\/wp-content\/uploads\/2016\/10\/shutterstock_506777470-280x280.jpg); border:0;\">\n                                \t\t\t\t\t\t\t<\/div>\n\t\t\t\t\t<\/div>\n\t\t\t\t<\/div>\n\t\t\t\t<div class=\"flex-col flex-grow\">\n\t\t\t\t\t  <a href=\"https:\/\/thetotalsmile.com\/es\/top-beverly-hills-dentist-sees-increased-medical-tourism-for-his-unique-dental-procedures\/\" title=\"Top Beverly Hills Dentist Sees Increased Medical Tourism for His Unique Dental Procedures\">Top Beverly Hills Dentist Sees Increased Medical Tourism for His Unique Dental Procedures<\/a>\n\t\t\t\t   \t  <span class=\"post_comments op-7 block is-xsmall\"><a href=\"https:\/\/thetotalsmile.com\/es\/top-beverly-hills-dentist-sees-increased-medical-tourism-for-his-unique-dental-procedures\/#respond\"><\/a><\/span>\n\t\t\t\t<\/div>\n\t\t\t<\/div>\n\t\t<\/li>\n\t\t\n\t\t\n\t\t<li class=\"recent-blog-posts-li\">\n\t\t\t<div class=\"flex-row recent-blog-posts align-top pt-half pb-half\">\n\t\t\t\t<div class=\"flex-col mr-half\">\n\t\t\t\t\t<div class=\"badge post-date  badge-outline\">\n\t\t\t\t\t\t\t<div class=\"badge-inner bg-fill\" style=\"background: url(https:\/\/thetotalsmile.com\/wp-content\/uploads\/2017\/08\/shutterstock_345523448-280x280.jpg); border:0;\">\n                                \t\t\t\t\t\t\t<\/div>\n\t\t\t\t\t<\/div>\n\t\t\t\t<\/div>\n\t\t\t\t<div class=\"flex-col flex-grow\">\n\t\t\t\t\t  <a href=\"https:\/\/thetotalsmile.com\/es\/go-total-smile-smile-want\/\" title=\"Go to the Total Smile for the Smile You Want\">Go to the Total Smile for the Smile You Want<\/a>\n\t\t\t\t   \t  <span class=\"post_comments op-7 block is-xsmall\"><a href=\"https:\/\/thetotalsmile.com\/es\/go-total-smile-smile-want\/#comments\"><strong>1<\/strong> Comment<\/a><\/span>\n\t\t\t\t<\/div>\n\t\t\t<\/div>\n\t\t<\/li>\n\t\t\n\t\t\n\t\t<li class=\"recent-blog-posts-li\">\n\t\t\t<div class=\"flex-row recent-blog-posts align-top pt-half pb-half\">\n\t\t\t\t<div class=\"flex-col mr-half\">\n\t\t\t\t\t<div class=\"badge post-date  badge-outline\">\n\t\t\t\t\t\t\t<div class=\"badge-inner bg-fill\" style=\"background: url(https:\/\/thetotalsmile.com\/wp-content\/uploads\/2017\/10\/The-Best-Treatment-for-Gummy-Smile-in-Los-Angeles-280x280.jpg); border:0;\">\n                                \t\t\t\t\t\t\t<\/div>\n\t\t\t\t\t<\/div>\n\t\t\t\t<\/div>\n\t\t\t\t<div class=\"flex-col flex-grow\">\n\t\t\t\t\t  <a href=\"https:\/\/thetotalsmile.com\/es\/best-treatment-gummy-smile-los-angeles\/\" title=\"The Best Treatment for Gummy Smile in Los Angeles\">The Best Treatment for Gummy Smile in Los Angeles<\/a>\n\t\t\t\t   \t  <span class=\"post_comments op-7 block is-xsmall\"><a href=\"https:\/\/thetotalsmile.com\/es\/best-treatment-gummy-smile-los-angeles\/#respond\"><\/a><\/span>\n\t\t\t\t<\/div>\n\t\t\t<\/div>\n\t\t<\/li>\n\t\t\n\t\t\n\t\t<li class=\"recent-blog-posts-li\">\n\t\t\t<div class=\"flex-row recent-blog-posts align-top pt-half pb-half\">\n\t\t\t\t<div class=\"flex-col mr-half\">\n\t\t\t\t\t<div class=\"badge post-date  badge-outline\">\n\t\t\t\t\t\t\t<div class=\"badge-inner bg-fill\" style=\"background: url(https:\/\/thetotalsmile.com\/wp-content\/uploads\/2016\/10\/Gummy-Smile-Treatment-by-our-Cosmetic-Dentist-in-Los-Angeles-280x280.jpg); border:0;\">\n                                \t\t\t\t\t\t\t<\/div>\n\t\t\t\t\t<\/div>\n\t\t\t\t<\/div>\n\t\t\t\t<div class=\"flex-col flex-grow\">\n\t\t\t\t\t  <a href=\"https:\/\/thetotalsmile.com\/es\/gummy-smile-treatment-offered-by-cosmetic-dentist-in-los-angeles\/\" title=\"Gummy Smile Treatment Offered by Cosmetic Dentist in Los Angeles\">Gummy Smile Treatment Offered by Cosmetic Dentist in Los Angeles<\/a>\n\t\t\t\t   \t  <span class=\"post_comments op-7 block is-xsmall\"><a href=\"https:\/\/thetotalsmile.com\/es\/gummy-smile-treatment-offered-by-cosmetic-dentist-in-los-angeles\/#respond\"><\/a><\/span>\n\t\t\t\t<\/div>\n\t\t\t<\/div>\n\t\t<\/li>\n\t\t\t\t<\/ul>\t\t<\/aside><\/ul>\n\t\t<\/div>\n\t\t\t\t\t<\/div>\n\n\t\n<\/div>\n","protected":false},"excerpt":{"rendered":"","protected":false},"author":6,"featured_media":11822,"parent":0,"menu_order":0,"comment_status":"closed","ping_status":"closed","template":"","meta":{"rop_custom_images_group":[],"rop_custom_messages_group":[],"rop_publish_now":"initial","rop_publish_now_accounts":{"twitter_58219819_58219819":"","gmb_109265489736877664202_accounts\/109265489736877664202\/locations\/7281873446466240174":"","facebook_1999313450418266_111979121991754":""},"rop_publish_now_history":[],"rop_publish_now_status":"pending","footnotes":""},"class_list":["post-11690","page","type-page","status-publish","has-post-thumbnail","hentry"],"yoast_head":"<!-- This site is optimized with the Yoast SEO plugin v27.4 - https:\/\/yoast.com\/product\/yoast-seo-wordpress\/ -->\n<title>Is Gum Disease Permanent? | The Total Smile | Beverly Hills<\/title>\n<meta name=\"description\" content=\"Watch this video to learn more about what situations and lifestyle choices play a role in the longevity of periodontal disease.\" \/>\n<meta name=\"robots\" content=\"index, follow, max-snippet:-1, max-image-preview:large, max-video-preview:-1\" \/>\n<link rel=\"canonical\" href=\"https:\/\/thetotalsmile.com\/es\/es-permanente-la-enfermedad-de-las-encias\/\" \/>\n<meta property=\"og:locale\" content=\"es_MX\" \/>\n<meta property=\"og:type\" content=\"article\" \/>\n<meta property=\"og:title\" content=\"Is Gum Disease Permanent? | The Total Smile | Beverly Hills\" \/>\n<meta property=\"og:description\" content=\"Watch this video to learn more about what situations and lifestyle choices play a role in the longevity of periodontal disease.\" \/>\n<meta property=\"og:url\" content=\"https:\/\/thetotalsmile.com\/es\/es-permanente-la-enfermedad-de-las-encias\/\" \/>\n<meta property=\"og:site_name\" content=\"The Total Smile - Dr. Alex Farnoosh\" \/>\n<meta property=\"article:publisher\" content=\"https:\/\/www.facebook.com\/thetotalsmile\/\" \/>\n<meta property=\"article:modified_time\" content=\"2023-05-15T20:55:24+00:00\" \/>\n<meta property=\"og:image\" content=\"https:\/\/thetotalsmile.com\/wp-content\/uploads\/2023\/04\/Is-Gum-Disease-Permanent-The-Total-Smile-Beverly-Hills.jpg\" \/>\n\t<meta property=\"og:image:width\" content=\"500\" \/>\n\t<meta property=\"og:image:height\" content=\"282\" \/>\n\t<meta property=\"og:image:type\" content=\"image\/jpeg\" \/>\n<meta name=\"twitter:card\" content=\"summary_large_image\" \/>\n<meta name=\"twitter:site\" content=\"@thetotalsmile\" \/>\n<meta name=\"twitter:label1\" content=\"Tiempo de lectura\" \/>\n\t<meta name=\"twitter:data1\" content=\"2 minutos\" \/>\n<script type=\"application\/ld+json\" class=\"yoast-schema-graph\">{\"@context\":\"https:\\\/\\\/schema.org\",\"@graph\":[{\"@type\":\"WebPage\",\"@id\":\"https:\\\/\\\/thetotalsmile.com\\\/is-gum-disease-permanent\\\/\",\"url\":\"https:\\\/\\\/thetotalsmile.com\\\/is-gum-disease-permanent\\\/\",\"name\":\"Is Gum Disease Permanent? | The Total Smile | Beverly Hills\",\"isPartOf\":{\"@id\":\"https:\\\/\\\/thetotalsmile.com\\\/#website\"},\"primaryImageOfPage\":{\"@id\":\"https:\\\/\\\/thetotalsmile.com\\\/is-gum-disease-permanent\\\/#primaryimage\"},\"image\":{\"@id\":\"https:\\\/\\\/thetotalsmile.com\\\/is-gum-disease-permanent\\\/#primaryimage\"},\"thumbnailUrl\":\"https:\\\/\\\/thetotalsmile.com\\\/wp-content\\\/uploads\\\/2023\\\/04\\\/Is-Gum-Disease-Permanent-The-Total-Smile-Beverly-Hills.jpg\",\"datePublished\":\"2023-04-24T16:50:59+00:00\",\"dateModified\":\"2023-05-15T20:55:24+00:00\",\"description\":\"Watch this video to learn more about what situations and lifestyle choices play a role in the longevity of periodontal disease.\",\"breadcrumb\":{\"@id\":\"https:\\\/\\\/thetotalsmile.com\\\/is-gum-disease-permanent\\\/#breadcrumb\"},\"inLanguage\":\"es-MX\",\"potentialAction\":[{\"@type\":\"ReadAction\",\"target\":[\"https:\\\/\\\/thetotalsmile.com\\\/is-gum-disease-permanent\\\/\"]}]},{\"@type\":\"ImageObject\",\"inLanguage\":\"es-MX\",\"@id\":\"https:\\\/\\\/thetotalsmile.com\\\/is-gum-disease-permanent\\\/#primaryimage\",\"url\":\"https:\\\/\\\/thetotalsmile.com\\\/wp-content\\\/uploads\\\/2023\\\/04\\\/Is-Gum-Disease-Permanent-The-Total-Smile-Beverly-Hills.jpg\",\"contentUrl\":\"https:\\\/\\\/thetotalsmile.com\\\/wp-content\\\/uploads\\\/2023\\\/04\\\/Is-Gum-Disease-Permanent-The-Total-Smile-Beverly-Hills.jpg\",\"width\":500,\"height\":282,\"caption\":\"Is Gum Disease Permanent The Total Smile Beverly Hills\"},{\"@type\":\"BreadcrumbList\",\"@id\":\"https:\\\/\\\/thetotalsmile.com\\\/is-gum-disease-permanent\\\/#breadcrumb\",\"itemListElement\":[{\"@type\":\"ListItem\",\"position\":1,\"name\":\"Home\",\"item\":\"https:\\\/\\\/thetotalsmile.com\\\/\"},{\"@type\":\"ListItem\",\"position\":2,\"name\":\"Is Gum Disease Permanent?\"}]},{\"@type\":\"WebSite\",\"@id\":\"https:\\\/\\\/thetotalsmile.com\\\/#website\",\"url\":\"https:\\\/\\\/thetotalsmile.com\\\/\",\"name\":\"The Total Smile - Dr. Alex Farnoosh\",\"description\":\"Gummy Smile &amp; Dark Gum Treatment in Los Angeles\",\"publisher\":{\"@id\":\"https:\\\/\\\/thetotalsmile.com\\\/#organization\"},\"potentialAction\":[{\"@type\":\"SearchAction\",\"target\":{\"@type\":\"EntryPoint\",\"urlTemplate\":\"https:\\\/\\\/thetotalsmile.com\\\/?s={search_term_string}\"},\"query-input\":{\"@type\":\"PropertyValueSpecification\",\"valueRequired\":true,\"valueName\":\"search_term_string\"}}],\"inLanguage\":\"es-MX\"},{\"@type\":\"Organization\",\"@id\":\"https:\\\/\\\/thetotalsmile.com\\\/#organization\",\"name\":\"The Total Smile: Gum Bleaching Specialist\",\"url\":\"https:\\\/\\\/thetotalsmile.com\\\/\",\"logo\":{\"@type\":\"ImageObject\",\"inLanguage\":\"es-MX\",\"@id\":\"https:\\\/\\\/thetotalsmile.com\\\/#\\\/schema\\\/logo\\\/image\\\/\",\"url\":\"https:\\\/\\\/thetotalsmile.com\\\/wp-content\\\/uploads\\\/2021\\\/09\\\/The-Total-Smile-Logo-Gummy-Smile-Dark-Gums-Periodontist-Los-Angeles-Dr.-Alex-Farnoosh.jpg\",\"contentUrl\":\"https:\\\/\\\/thetotalsmile.com\\\/wp-content\\\/uploads\\\/2021\\\/09\\\/The-Total-Smile-Logo-Gummy-Smile-Dark-Gums-Periodontist-Los-Angeles-Dr.-Alex-Farnoosh.jpg\",\"width\":300,\"height\":300,\"caption\":\"The Total Smile: Gum Bleaching Specialist\"},\"image\":{\"@id\":\"https:\\\/\\\/thetotalsmile.com\\\/#\\\/schema\\\/logo\\\/image\\\/\"},\"sameAs\":[\"https:\\\/\\\/www.facebook.com\\\/thetotalsmile\\\/\",\"https:\\\/\\\/x.com\\\/thetotalsmile\"]}]}<\/script>\n<!-- \/ Yoast SEO plugin. -->","yoast_head_json":{"title":"\u00bfEs permanente la enfermedad de las enc\u00edas? | La Sonrisa Total Beverly Hills","description":"Vea este v\u00eddeo para saber m\u00e1s sobre qu\u00e9 situaciones y elecciones de estilo de vida influyen en la longevidad de la enfermedad periodontal.","robots":{"index":"index","follow":"follow","max-snippet":"max-snippet:-1","max-image-preview":"max-image-preview:large","max-video-preview":"max-video-preview:-1"},"canonical":"https:\/\/thetotalsmile.com\/es\/es-permanente-la-enfermedad-de-las-encias\/","og_locale":"es_MX","og_type":"article","og_title":"Is Gum Disease Permanent? | The Total Smile | Beverly Hills","og_description":"Watch this video to learn more about what situations and lifestyle choices play a role in the longevity of periodontal disease.","og_url":"https:\/\/thetotalsmile.com\/es\/es-permanente-la-enfermedad-de-las-encias\/","og_site_name":"The Total Smile - Dr. Alex Farnoosh","article_publisher":"https:\/\/www.facebook.com\/thetotalsmile\/","article_modified_time":"2023-05-15T20:55:24+00:00","og_image":[{"width":500,"height":282,"url":"https:\/\/thetotalsmile.com\/wp-content\/uploads\/2023\/04\/Is-Gum-Disease-Permanent-The-Total-Smile-Beverly-Hills.jpg","type":"image\/jpeg"}],"twitter_card":"summary_large_image","twitter_site":"@thetotalsmile","twitter_misc":{"Tiempo de lectura":"2 minutos"},"schema":{"@context":"https:\/\/schema.org","@graph":[{"@type":"WebPage","@id":"https:\/\/thetotalsmile.com\/is-gum-disease-permanent\/","url":"https:\/\/thetotalsmile.com\/is-gum-disease-permanent\/","name":"\u00bfEs permanente la enfermedad de las enc\u00edas? | La Sonrisa Total Beverly Hills","isPartOf":{"@id":"https:\/\/thetotalsmile.com\/#website"},"primaryImageOfPage":{"@id":"https:\/\/thetotalsmile.com\/is-gum-disease-permanent\/#primaryimage"},"image":{"@id":"https:\/\/thetotalsmile.com\/is-gum-disease-permanent\/#primaryimage"},"thumbnailUrl":"https:\/\/thetotalsmile.com\/wp-content\/uploads\/2023\/04\/Is-Gum-Disease-Permanent-The-Total-Smile-Beverly-Hills.jpg","datePublished":"2023-04-24T16:50:59+00:00","dateModified":"2023-05-15T20:55:24+00:00","description":"Vea este v\u00eddeo para saber m\u00e1s sobre qu\u00e9 situaciones y elecciones de estilo de vida influyen en la longevidad de la enfermedad periodontal.","breadcrumb":{"@id":"https:\/\/thetotalsmile.com\/is-gum-disease-permanent\/#breadcrumb"},"inLanguage":"es-MX","potentialAction":[{"@type":"ReadAction","target":["https:\/\/thetotalsmile.com\/is-gum-disease-permanent\/"]}]},{"@type":"ImageObject","inLanguage":"es-MX","@id":"https:\/\/thetotalsmile.com\/is-gum-disease-permanent\/#primaryimage","url":"https:\/\/thetotalsmile.com\/wp-content\/uploads\/2023\/04\/Is-Gum-Disease-Permanent-The-Total-Smile-Beverly-Hills.jpg","contentUrl":"https:\/\/thetotalsmile.com\/wp-content\/uploads\/2023\/04\/Is-Gum-Disease-Permanent-The-Total-Smile-Beverly-Hills.jpg","width":500,"height":282,"caption":"Is Gum Disease Permanent The Total Smile Beverly Hills"},{"@type":"BreadcrumbList","@id":"https:\/\/thetotalsmile.com\/is-gum-disease-permanent\/#breadcrumb","itemListElement":[{"@type":"ListItem","position":1,"name":"Home","item":"https:\/\/thetotalsmile.com\/"},{"@type":"ListItem","position":2,"name":"Is Gum Disease Permanent?"}]},{"@type":"WebSite","@id":"https:\/\/thetotalsmile.com\/#website","url":"https:\/\/thetotalsmile.com\/","name":"La Sonrisa Total - Dr. Alex Farnoosh","description":"Sonrisa gingival y tratamiento de las enc\u00edas oscuras en Los \u00c1ngeles","publisher":{"@id":"https:\/\/thetotalsmile.com\/#organization"},"potentialAction":[{"@type":"SearchAction","target":{"@type":"EntryPoint","urlTemplate":"https:\/\/thetotalsmile.com\/?s={search_term_string}"},"query-input":{"@type":"PropertyValueSpecification","valueRequired":true,"valueName":"search_term_string"}}],"inLanguage":"es-MX"},{"@type":"Organization","@id":"https:\/\/thetotalsmile.com\/#organization","name":"La Sonrisa Total: Especialista en blanqueamiento de enc\u00edas","url":"https:\/\/thetotalsmile.com\/","logo":{"@type":"ImageObject","inLanguage":"es-MX","@id":"https:\/\/thetotalsmile.com\/#\/schema\/logo\/image\/","url":"https:\/\/thetotalsmile.com\/wp-content\/uploads\/2021\/09\/The-Total-Smile-Logo-Gummy-Smile-Dark-Gums-Periodontist-Los-Angeles-Dr.-Alex-Farnoosh.jpg","contentUrl":"https:\/\/thetotalsmile.com\/wp-content\/uploads\/2021\/09\/The-Total-Smile-Logo-Gummy-Smile-Dark-Gums-Periodontist-Los-Angeles-Dr.-Alex-Farnoosh.jpg","width":300,"height":300,"caption":"The Total Smile: Gum Bleaching Specialist"},"image":{"@id":"https:\/\/thetotalsmile.com\/#\/schema\/logo\/image\/"},"sameAs":["https:\/\/www.facebook.com\/thetotalsmile\/","https:\/\/x.com\/thetotalsmile"]}]}},"_links":{"self":[{"href":"https:\/\/thetotalsmile.com\/es\/wp-json\/wp\/v2\/pages\/11690","targetHints":{"allow":["GET"]}}],"collection":[{"href":"https:\/\/thetotalsmile.com\/es\/wp-json\/wp\/v2\/pages"}],"about":[{"href":"https:\/\/thetotalsmile.com\/es\/wp-json\/wp\/v2\/types\/page"}],"author":[{"embeddable":true,"href":"https:\/\/thetotalsmile.com\/es\/wp-json\/wp\/v2\/users\/6"}],"replies":[{"embeddable":true,"href":"https:\/\/thetotalsmile.com\/es\/wp-json\/wp\/v2\/comments?post=11690"}],"version-history":[{"count":0,"href":"https:\/\/thetotalsmile.com\/es\/wp-json\/wp\/v2\/pages\/11690\/revisions"}],"wp:featuredmedia":[{"embeddable":true,"href":"https:\/\/thetotalsmile.com\/es\/wp-json\/wp\/v2\/media\/11822"}],"wp:attachment":[{"href":"https:\/\/thetotalsmile.com\/es\/wp-json\/wp\/v2\/media?parent=11690"}],"curies":[{"name":"wp","href":"https:\/\/api.w.org\/{rel}","templated":true}]}}