{"id":5643,"date":"2022-04-08T15:47:42","date_gmt":"2022-04-08T19:47:42","guid":{"rendered":"https:\/\/thetotalsmile.com\/?page_id=5643"},"modified":"2023-05-19T12:44:14","modified_gmt":"2023-05-19T16:44:14","slug":"reduccion-de-sonrisa-gingival-en-los-angeles","status":"publish","type":"page","link":"https:\/\/thetotalsmile.com\/es\/gummy-smile-reduction-in-los-angeles\/","title":{"rendered":"Reducci\u00f3n de sonrisa gingival en Los \u00c1ngeles"},"content":{"rendered":"<div class=\"row\"  id=\"row-1919782102\">\n\n\t<div id=\"col-436809965\" class=\"col medium-8 small-12 large-8\"  >\n\t\t\t\t<div class=\"col-inner\"  >\n\t\t\t\n\t\t\t\n<h3><strong>Providing Gummy Smile Reduction and Dark Gum Bleaching in Los Angeles for Over 25 Years<\/strong><\/h3>\n<p>Los Angeles is known for beautiful weather, star-studded neighborhoods, and the Hollywood film industry. There is so much to do in LA. You don\u2019t want to miss a beat. If you feel insecure about your smile, you can miss out on a lot. Our gummy smile reduction treatment might be right for you. Please keep reading to learn more about this treatment before setting up a free consultation.<\/p>\n<p><img loading=\"lazy\" decoding=\"async\" class=\"alignright wp-image-5737\" src=\"https:\/\/thetotalsmile.com\/wp-content\/uploads\/2022\/04\/Gummy-Smile-Treatment-in-Los-Angeles.jpg\" alt=\"Gummy Smile Treatment in Los Angeles\" width=\"400\" height=\"267\" \/>Our cosmetic dentist, Dr. Alex Farnoosh, has helped many people in Los Angeles achieve the smiles that they love. He has been performing this <a href=\"https:\/\/thetotalsmile.com\/gummy-smile\/\">gummy smile surgery<\/a> for more than 25 years. The results that we have provided are consistent. They are also well-loved by our patients who have felt that their life has drastically improved since receiving the treatment. If you want to stop hiding your smile from the world, we would love to get you set up with a free consultation right away.<\/p>\n<p>Your free consultation with our experienced Los Angeles dentist is your time to get comfortable and informed. You will meet Dr. Farnoosh and his team who will perform the treatment for you. You can ask any burning questions you have about the procedure as well.<\/p>\n<p>We want you to be confident in your smile. To learn more about this gummy smile reduction treatment we provide in Los Angeles, please keep reading.<\/p>\n<h3><strong>Correct Your Gummy Smile or Discolored Gums Today<\/strong><\/h3>\n<p>Gummy smiles are generally regarded as unattractive. It can distract people from the rest of your face. When you feel self-conscious about your smile, it can have a big impact on how you live your life. You may never smile with teeth for photos. You may try to avoid showing people your true smile. There are studies that have been done <a href=\"https:\/\/www.ncbi.nlm.nih.gov\/pmc\/articles\/PMC5449896\/#:~:text=Dis%2Dsatisfaction%20with%20dental%20appearance,thus%2C%20affecting%20their%20self%20esteem.\">linking low self-esteem<\/a> with a dislike of the appearance of your smile. We want to be able to give you the confidence you are missing.<\/p>\n<p>When we assess clients who have gummy smiles, most of the time it is due to the hypermobility of their upper lip. Their lip moves too much, showing off their gums when they smile. Our gummy smile reduction treatment we provide can take care of this issue and prevent your lip from being hypermobile.<\/p>\n<p>You will be numbed in the top lip for your treatment before we begin. You likely won\u2019t feel any discomfort. The procedure is very straightforward. We have been performing them for so long that has become very routine. We make strategic incisions in the upper lip to prevent it from being hypermobile. They will be sutured up for recovery and you may temporarily feel like the lip is tight. We advise against making big facial moves to avoid disrupting the incisions while they heal. It is as simple as that.<\/p>\n<p>If you would like to meet with our experienced cosmetic dentist in Los Angeles, we would be more than happy to hear from you. We are passionate about helping our patients look and feel their best.<\/p>\n<h3><strong>Schedule a Free Consultation for Gummy Smile Treatment Today<\/strong><\/h3>\n<p>You don\u2019t have to be ashamed of your smile forever. Our gummy smile reduction in <a href=\"https:\/\/en.wikipedia.org\/wiki\/Los_Angeles\">Los Angeles<\/a> can help you achieve the smile of your dreams. This confidence can be a catalyst for change. You can feel the positive impact this has on your whole life. Feeling confident can change your life for the better. To schedule your free consultation with Dr. Farnoosh, give our office a call today.<\/p>\n\t\t<\/div>\n\t\t\t\t\t<\/div>\n\n\t\n\n\t<div id=\"col-696650475\" class=\"col medium-4 small-12 large-4\"  >\n\t\t\t\t<div class=\"col-inner\"  >\n\t\t\t\n\t\t\t\n<ul class=\"sidebar-wrapper ul-reset\"><aside id=\"text-13\" class=\"widget widget_text\">\t\t\t<div class=\"textwidget\"><div class=\"wpcf7 no-js\" id=\"wpcf7-f9-o1\" lang=\"en-US\" dir=\"ltr\" data-wpcf7-id=\"9\">\n<div class=\"screen-reader-response\">\n<p role=\"status\" aria-live=\"polite\" aria-atomic=\"true\">\n<ul><\/ul>\n<\/div>\n<form action=\"\/es\/wp-json\/wp\/v2\/pages\/5643#wpcf7-f9-o1\" method=\"post\" class=\"wpcf7-form init\" aria-label=\"Contact form\" novalidate=\"novalidate\" data-status=\"init\">\n<fieldset class=\"hidden-fields-container\"><input type=\"hidden\" name=\"_wpcf7\" value=\"9\" \/><input type=\"hidden\" name=\"_wpcf7_version\" value=\"6.1.5\" \/><input type=\"hidden\" name=\"_wpcf7_locale\" value=\"en_US\" \/><input type=\"hidden\" name=\"_wpcf7_unit_tag\" value=\"wpcf7-f9-o1\" \/><input type=\"hidden\" name=\"_wpcf7_container_post\" value=\"0\" \/><input type=\"hidden\" name=\"_wpcf7_posted_data_hash\" value=\"\" \/><br \/>\n<\/fieldset>\n<p><center><\/p>\n<h3>Complimentary Consultation<br \/>\n\t<\/h3>\n<p><\/center><\/p>\n<hr \/>\n<p><center><\/p>\n<p><span class=\"wpcf7-form-control-wrap\" data-name=\"your-name\"><input size=\"40\" maxlength=\"400\" class=\"wpcf7-form-control wpcf7-text wpcf7-validates-as-required\" aria-required=\"true\" aria-invalid=\"false\" placeholder=\"Name\" value=\"\" type=\"text\" name=\"your-name\" \/><\/span>\n\t<\/p>\n<p><span class=\"wpcf7-form-control-wrap\" data-name=\"your-email\"><input size=\"40\" maxlength=\"400\" class=\"wpcf7-form-control wpcf7-email wpcf7-validates-as-required wpcf7-text wpcf7-validates-as-email\" aria-required=\"true\" aria-invalid=\"false\" placeholder=\"Email\" value=\"\" type=\"email\" name=\"your-email\" \/><\/span>\n\t<\/p>\n<p><span class=\"wpcf7-form-control-wrap\" data-name=\"tel-545\"><input size=\"40\" maxlength=\"400\" class=\"wpcf7-form-control wpcf7-tel wpcf7-text wpcf7-validates-as-tel\" aria-invalid=\"false\" placeholder=\"Phone Number\" value=\"\" type=\"tel\" name=\"tel-545\" \/><\/span>\n\t<\/p>\n<p><span class=\"wpcf7-form-control-wrap\" data-name=\"your-message\"><textarea cols=\"40\" rows=\"10\" maxlength=\"2000\" class=\"wpcf7-form-control wpcf7-textarea\" aria-invalid=\"false\" placeholder=\"How Can We Help?\" name=\"your-message\"><\/textarea><\/span>\n\t<\/p>\n<p><input class=\"wpcf7-form-control wpcf7-submit has-spinner button\" type=\"submit\" value=\"Submit Request\" \/>\n\t<\/p>\n<p><\/center><input\n                    class=\"apbct_special_field apbct_email_id__wp_contact_form_7\"\n                    name=\"apbct__email_id__wp_contact_form_7\"\n                    aria-label=\"apbct__label_id__wp_contact_form_7\"\n                    type=\"text\" size=\"30\" maxlength=\"200\" autocomplete=\"off\"\n                    value=\"\"\n                \/><\/p>\n<div class=\"wpcf7-response-output\" aria-hidden=\"true\"><\/div>\n<\/form>\n<\/div>\n<\/div>\n\t\t<\/aside><aside id=\"nav_menu-2\" class=\"widget widget_nav_menu\"><span class=\"widget-title \"><span>Services<\/span><\/span><div class=\"is-divider small\"><\/div><div class=\"menu-services-container\"><ul id=\"menu-services\" class=\"menu\"><li id=\"menu-item-3490\" class=\"menu-item menu-item-type-post_type menu-item-object-page menu-item-3490\"><a href=\"https:\/\/thetotalsmile.com\/es\/gummy-smile\/\">Gummy Smile Correction<\/a><\/li>\n<li id=\"menu-item-3482\" class=\"menu-item menu-item-type-post_type menu-item-object-page menu-item-3482\"><a href=\"https:\/\/thetotalsmile.com\/es\/gum-bleaching-gallery\/\">Gum Bleaching in Beverly Hills CA<\/a><\/li>\n<li id=\"menu-item-3491\" class=\"menu-item menu-item-type-post_type menu-item-object-page menu-item-3491\"><a href=\"https:\/\/thetotalsmile.com\/es\/gum-grafting-root-coverage\/\">Gum Grafting &#038; Root Coverage<\/a><\/li>\n<li id=\"menu-item-3485\" class=\"menu-item menu-item-type-post_type menu-item-object-page menu-item-3485\"><a href=\"https:\/\/thetotalsmile.com\/es\/bone-grafting-ridge-preservation\/\">Bone Grafting &#038; Ridge Preservation<\/a><\/li>\n<li id=\"menu-item-3483\" class=\"menu-item menu-item-type-post_type menu-item-object-page menu-item-3483\"><a href=\"https:\/\/thetotalsmile.com\/es\/dental-implants\/\">Dental Implants<\/a><\/li>\n<li id=\"menu-item-3486\" class=\"menu-item menu-item-type-post_type menu-item-object-page menu-item-3486\"><a href=\"https:\/\/thetotalsmile.com\/es\/cosmetic-dentistry\/\">Cosmetic Dentistry<\/a><\/li>\n<li id=\"menu-item-3484\" class=\"menu-item menu-item-type-post_type menu-item-object-page menu-item-3484\"><a href=\"https:\/\/thetotalsmile.com\/es\/sedation-dentistry\/\">Sedation Dentistry<\/a><\/li>\n<li id=\"menu-item-3488\" class=\"menu-item menu-item-type-post_type menu-item-object-page menu-item-3488\"><a href=\"https:\/\/thetotalsmile.com\/es\/periodontal-disease-treating-gum-disease\/\">Periodontal Disease \/ Gum Disease<\/a><\/li>\n<\/ul><\/div><\/aside>\t\t<aside id=\"flatsome_recent_posts-17\" class=\"widget flatsome_recent_posts\">\t\t<span class=\"widget-title \"><span>Latest Posts<\/span><\/span><div class=\"is-divider small\"><\/div>\t\t<ul>\t\t\n\t\t\n\t\t<li class=\"recent-blog-posts-li\">\n\t\t\t<div class=\"flex-row recent-blog-posts align-top pt-half pb-half\">\n\t\t\t\t<div class=\"flex-col mr-half\">\n\t\t\t\t\t<div class=\"badge post-date  badge-outline\">\n\t\t\t\t\t\t\t<div class=\"badge-inner bg-fill\" style=\"background: url(https:\/\/thetotalsmile.com\/wp-content\/uploads\/2026\/01\/Bone-Grafting-for-Dental-Implants-in-Beverly-Hills-CA-Call-Today-280x280.jpg); border:0;\">\n                                \t\t\t\t\t\t\t<\/div>\n\t\t\t\t\t<\/div>\n\t\t\t\t<\/div>\n\t\t\t\t<div class=\"flex-col flex-grow\">\n\t\t\t\t\t  <a href=\"https:\/\/thetotalsmile.com\/es\/restore-your-smile-with-bone-grafting-for-dental-implants-case-study\/\" title=\"Restore Your Smile With Bone Grafting for Dental Implants [Case Study]\">Restore Your Smile With Bone Grafting for Dental Implants [Case Study]<\/a>\n\t\t\t\t   \t  <span class=\"post_comments op-7 block is-xsmall\"><a href=\"https:\/\/thetotalsmile.com\/es\/restore-your-smile-with-bone-grafting-for-dental-implants-case-study\/#respond\"><\/a><\/span>\n\t\t\t\t<\/div>\n\t\t\t<\/div>\n\t\t<\/li>\n\t\t\n\t\t\n\t\t<li class=\"recent-blog-posts-li\">\n\t\t\t<div class=\"flex-row recent-blog-posts align-top pt-half pb-half\">\n\t\t\t\t<div class=\"flex-col mr-half\">\n\t\t\t\t\t<div class=\"badge post-date  badge-outline\">\n\t\t\t\t\t\t\t<div class=\"badge-inner bg-fill\" style=\"background: url(https:\/\/thetotalsmile.com\/wp-content\/uploads\/2016\/10\/shutterstock_506777470-280x280.jpg); border:0;\">\n                                \t\t\t\t\t\t\t<\/div>\n\t\t\t\t\t<\/div>\n\t\t\t\t<\/div>\n\t\t\t\t<div class=\"flex-col flex-grow\">\n\t\t\t\t\t  <a href=\"https:\/\/thetotalsmile.com\/es\/top-beverly-hills-dentist-sees-increased-medical-tourism-for-his-unique-dental-procedures\/\" title=\"Top Beverly Hills Dentist Sees Increased Medical Tourism for His Unique Dental Procedures\">Top Beverly Hills Dentist Sees Increased Medical Tourism for His Unique Dental Procedures<\/a>\n\t\t\t\t   \t  <span class=\"post_comments op-7 block is-xsmall\"><a href=\"https:\/\/thetotalsmile.com\/es\/top-beverly-hills-dentist-sees-increased-medical-tourism-for-his-unique-dental-procedures\/#respond\"><\/a><\/span>\n\t\t\t\t<\/div>\n\t\t\t<\/div>\n\t\t<\/li>\n\t\t\n\t\t\n\t\t<li class=\"recent-blog-posts-li\">\n\t\t\t<div class=\"flex-row recent-blog-posts align-top pt-half pb-half\">\n\t\t\t\t<div class=\"flex-col mr-half\">\n\t\t\t\t\t<div class=\"badge post-date  badge-outline\">\n\t\t\t\t\t\t\t<div class=\"badge-inner bg-fill\" style=\"background: url(https:\/\/thetotalsmile.com\/wp-content\/uploads\/2017\/08\/shutterstock_345523448-280x280.jpg); border:0;\">\n                                \t\t\t\t\t\t\t<\/div>\n\t\t\t\t\t<\/div>\n\t\t\t\t<\/div>\n\t\t\t\t<div class=\"flex-col flex-grow\">\n\t\t\t\t\t  <a href=\"https:\/\/thetotalsmile.com\/es\/go-total-smile-smile-want\/\" title=\"Go to the Total Smile for the Smile You Want\">Go to the Total Smile for the Smile You Want<\/a>\n\t\t\t\t   \t  <span class=\"post_comments op-7 block is-xsmall\"><a href=\"https:\/\/thetotalsmile.com\/es\/go-total-smile-smile-want\/#comments\"><strong>1<\/strong> Comment<\/a><\/span>\n\t\t\t\t<\/div>\n\t\t\t<\/div>\n\t\t<\/li>\n\t\t\n\t\t\n\t\t<li class=\"recent-blog-posts-li\">\n\t\t\t<div class=\"flex-row recent-blog-posts align-top pt-half pb-half\">\n\t\t\t\t<div class=\"flex-col mr-half\">\n\t\t\t\t\t<div class=\"badge post-date  badge-outline\">\n\t\t\t\t\t\t\t<div class=\"badge-inner bg-fill\" style=\"background: url(https:\/\/thetotalsmile.com\/wp-content\/uploads\/2017\/10\/The-Best-Treatment-for-Gummy-Smile-in-Los-Angeles-280x280.jpg); border:0;\">\n                                \t\t\t\t\t\t\t<\/div>\n\t\t\t\t\t<\/div>\n\t\t\t\t<\/div>\n\t\t\t\t<div class=\"flex-col flex-grow\">\n\t\t\t\t\t  <a href=\"https:\/\/thetotalsmile.com\/es\/best-treatment-gummy-smile-los-angeles\/\" title=\"The Best Treatment for Gummy Smile in Los Angeles\">The Best Treatment for Gummy Smile in Los Angeles<\/a>\n\t\t\t\t   \t  <span class=\"post_comments op-7 block is-xsmall\"><a href=\"https:\/\/thetotalsmile.com\/es\/best-treatment-gummy-smile-los-angeles\/#respond\"><\/a><\/span>\n\t\t\t\t<\/div>\n\t\t\t<\/div>\n\t\t<\/li>\n\t\t\n\t\t\n\t\t<li class=\"recent-blog-posts-li\">\n\t\t\t<div class=\"flex-row recent-blog-posts align-top pt-half pb-half\">\n\t\t\t\t<div class=\"flex-col mr-half\">\n\t\t\t\t\t<div class=\"badge post-date  badge-outline\">\n\t\t\t\t\t\t\t<div class=\"badge-inner bg-fill\" style=\"background: url(https:\/\/thetotalsmile.com\/wp-content\/uploads\/2016\/10\/Gummy-Smile-Treatment-by-our-Cosmetic-Dentist-in-Los-Angeles-280x280.jpg); border:0;\">\n                                \t\t\t\t\t\t\t<\/div>\n\t\t\t\t\t<\/div>\n\t\t\t\t<\/div>\n\t\t\t\t<div class=\"flex-col flex-grow\">\n\t\t\t\t\t  <a href=\"https:\/\/thetotalsmile.com\/es\/gummy-smile-treatment-offered-by-cosmetic-dentist-in-los-angeles\/\" title=\"Gummy Smile Treatment Offered by Cosmetic Dentist in Los Angeles\">Gummy Smile Treatment Offered by Cosmetic Dentist in Los Angeles<\/a>\n\t\t\t\t   \t  <span class=\"post_comments op-7 block is-xsmall\"><a href=\"https:\/\/thetotalsmile.com\/es\/gummy-smile-treatment-offered-by-cosmetic-dentist-in-los-angeles\/#respond\"><\/a><\/span>\n\t\t\t\t<\/div>\n\t\t\t<\/div>\n\t\t<\/li>\n\t\t\t\t<\/ul>\t\t<\/aside><\/ul>\n\t\t<\/div>\n\t\t\t\t\t<\/div>\n\n\t\n<\/div>\n","protected":false},"excerpt":{"rendered":"","protected":false},"author":4,"featured_media":5737,"parent":0,"menu_order":0,"comment_status":"closed","ping_status":"closed","template":"","meta":{"rop_custom_images_group":[],"rop_custom_messages_group":[],"rop_publish_now":"initial","rop_publish_now_accounts":{"twitter_58219819_58219819":"","gmb_109265489736877664202_accounts\/109265489736877664202\/locations\/7281873446466240174":"","facebook_1999313450418266_111979121991754":""},"rop_publish_now_history":[],"rop_publish_now_status":"pending","footnotes":""},"class_list":["post-5643","page","type-page","status-publish","has-post-thumbnail","hentry"],"yoast_head":"<!-- This site is optimized with the Yoast SEO plugin v27.4 - https:\/\/yoast.com\/product\/yoast-seo-wordpress\/ -->\n<title>Gummy Smile Reduction in Los Angeles | The Total Smile in LA<\/title>\n<meta name=\"description\" content=\"Our gummy smile reduction treatment can help you achieve the smile of your dreams! Call for a free consultation\" \/>\n<meta name=\"robots\" content=\"index, follow, max-snippet:-1, max-image-preview:large, max-video-preview:-1\" \/>\n<link rel=\"canonical\" href=\"https:\/\/thetotalsmile.com\/es\/reduccion-de-sonrisa-gingival-en-los-angeles\/\" \/>\n<meta property=\"og:locale\" content=\"es_MX\" \/>\n<meta property=\"og:type\" content=\"article\" \/>\n<meta property=\"og:title\" content=\"Gummy Smile Reduction in Los Angeles | The Total Smile in LA\" \/>\n<meta property=\"og:description\" content=\"Our gummy smile reduction treatment can help you achieve the smile of your dreams! Call for a free consultation\" \/>\n<meta property=\"og:url\" content=\"https:\/\/thetotalsmile.com\/es\/reduccion-de-sonrisa-gingival-en-los-angeles\/\" \/>\n<meta property=\"og:site_name\" content=\"The Total Smile - Dr. Alex Farnoosh\" \/>\n<meta property=\"article:publisher\" content=\"https:\/\/www.facebook.com\/thetotalsmile\/\" \/>\n<meta property=\"article:modified_time\" content=\"2023-05-19T16:44:14+00:00\" \/>\n<meta property=\"og:image\" content=\"https:\/\/thetotalsmile.com\/wp-content\/uploads\/2022\/04\/Gummy-Smile-Treatment-in-Los-Angeles.jpg\" \/>\n\t<meta property=\"og:image:width\" content=\"500\" \/>\n\t<meta property=\"og:image:height\" content=\"334\" \/>\n\t<meta property=\"og:image:type\" content=\"image\/jpeg\" \/>\n<meta name=\"twitter:card\" content=\"summary_large_image\" \/>\n<meta name=\"twitter:site\" content=\"@thetotalsmile\" \/>\n<meta name=\"twitter:label1\" content=\"Tiempo de lectura\" \/>\n\t<meta name=\"twitter:data1\" content=\"3 minutos\" \/>\n<script type=\"application\/ld+json\" class=\"yoast-schema-graph\">{\"@context\":\"https:\\\/\\\/schema.org\",\"@graph\":[{\"@type\":\"WebPage\",\"@id\":\"https:\\\/\\\/thetotalsmile.com\\\/gummy-smile-reduction-in-los-angeles\\\/\",\"url\":\"https:\\\/\\\/thetotalsmile.com\\\/gummy-smile-reduction-in-los-angeles\\\/\",\"name\":\"Gummy Smile Reduction in Los Angeles | The Total Smile in LA\",\"isPartOf\":{\"@id\":\"https:\\\/\\\/thetotalsmile.com\\\/#website\"},\"primaryImageOfPage\":{\"@id\":\"https:\\\/\\\/thetotalsmile.com\\\/gummy-smile-reduction-in-los-angeles\\\/#primaryimage\"},\"image\":{\"@id\":\"https:\\\/\\\/thetotalsmile.com\\\/gummy-smile-reduction-in-los-angeles\\\/#primaryimage\"},\"thumbnailUrl\":\"https:\\\/\\\/thetotalsmile.com\\\/wp-content\\\/uploads\\\/2022\\\/04\\\/Gummy-Smile-Treatment-in-Los-Angeles.jpg\",\"datePublished\":\"2022-04-08T19:47:42+00:00\",\"dateModified\":\"2023-05-19T16:44:14+00:00\",\"description\":\"Our gummy smile reduction treatment can help you achieve the smile of your dreams! Call for a free consultation\",\"breadcrumb\":{\"@id\":\"https:\\\/\\\/thetotalsmile.com\\\/gummy-smile-reduction-in-los-angeles\\\/#breadcrumb\"},\"inLanguage\":\"es-MX\",\"potentialAction\":[{\"@type\":\"ReadAction\",\"target\":[\"https:\\\/\\\/thetotalsmile.com\\\/gummy-smile-reduction-in-los-angeles\\\/\"]}]},{\"@type\":\"ImageObject\",\"inLanguage\":\"es-MX\",\"@id\":\"https:\\\/\\\/thetotalsmile.com\\\/gummy-smile-reduction-in-los-angeles\\\/#primaryimage\",\"url\":\"https:\\\/\\\/thetotalsmile.com\\\/wp-content\\\/uploads\\\/2022\\\/04\\\/Gummy-Smile-Treatment-in-Los-Angeles.jpg\",\"contentUrl\":\"https:\\\/\\\/thetotalsmile.com\\\/wp-content\\\/uploads\\\/2022\\\/04\\\/Gummy-Smile-Treatment-in-Los-Angeles.jpg\",\"width\":500,\"height\":334,\"caption\":\"Gummy Smile Treatment in Los Angeles\"},{\"@type\":\"BreadcrumbList\",\"@id\":\"https:\\\/\\\/thetotalsmile.com\\\/gummy-smile-reduction-in-los-angeles\\\/#breadcrumb\",\"itemListElement\":[{\"@type\":\"ListItem\",\"position\":1,\"name\":\"Home\",\"item\":\"https:\\\/\\\/thetotalsmile.com\\\/\"},{\"@type\":\"ListItem\",\"position\":2,\"name\":\"Gummy Smile Reduction in Los Angeles\"}]},{\"@type\":\"WebSite\",\"@id\":\"https:\\\/\\\/thetotalsmile.com\\\/#website\",\"url\":\"https:\\\/\\\/thetotalsmile.com\\\/\",\"name\":\"The Total Smile - Dr. Alex Farnoosh\",\"description\":\"Gummy Smile &amp; Dark Gum Treatment in Los Angeles\",\"publisher\":{\"@id\":\"https:\\\/\\\/thetotalsmile.com\\\/#organization\"},\"potentialAction\":[{\"@type\":\"SearchAction\",\"target\":{\"@type\":\"EntryPoint\",\"urlTemplate\":\"https:\\\/\\\/thetotalsmile.com\\\/?s={search_term_string}\"},\"query-input\":{\"@type\":\"PropertyValueSpecification\",\"valueRequired\":true,\"valueName\":\"search_term_string\"}}],\"inLanguage\":\"es-MX\"},{\"@type\":\"Organization\",\"@id\":\"https:\\\/\\\/thetotalsmile.com\\\/#organization\",\"name\":\"The Total Smile: Gum Bleaching Specialist\",\"url\":\"https:\\\/\\\/thetotalsmile.com\\\/\",\"logo\":{\"@type\":\"ImageObject\",\"inLanguage\":\"es-MX\",\"@id\":\"https:\\\/\\\/thetotalsmile.com\\\/#\\\/schema\\\/logo\\\/image\\\/\",\"url\":\"https:\\\/\\\/thetotalsmile.com\\\/wp-content\\\/uploads\\\/2021\\\/09\\\/The-Total-Smile-Logo-Gummy-Smile-Dark-Gums-Periodontist-Los-Angeles-Dr.-Alex-Farnoosh.jpg\",\"contentUrl\":\"https:\\\/\\\/thetotalsmile.com\\\/wp-content\\\/uploads\\\/2021\\\/09\\\/The-Total-Smile-Logo-Gummy-Smile-Dark-Gums-Periodontist-Los-Angeles-Dr.-Alex-Farnoosh.jpg\",\"width\":300,\"height\":300,\"caption\":\"The Total Smile: Gum Bleaching Specialist\"},\"image\":{\"@id\":\"https:\\\/\\\/thetotalsmile.com\\\/#\\\/schema\\\/logo\\\/image\\\/\"},\"sameAs\":[\"https:\\\/\\\/www.facebook.com\\\/thetotalsmile\\\/\",\"https:\\\/\\\/x.com\\\/thetotalsmile\"]}]}<\/script>\n<!-- \/ Yoast SEO plugin. -->","yoast_head_json":{"title":"Reducci\u00f3n de sonrisa gingival en Los Angeles | The Total Smile in LA","description":"Nuestro tratamiento de reducci\u00f3n de la sonrisa gingival puede ayudarle a conseguir la sonrisa de sus sue\u00f1os. Llame para una consulta gratuita","robots":{"index":"index","follow":"follow","max-snippet":"max-snippet:-1","max-image-preview":"max-image-preview:large","max-video-preview":"max-video-preview:-1"},"canonical":"https:\/\/thetotalsmile.com\/es\/reduccion-de-sonrisa-gingival-en-los-angeles\/","og_locale":"es_MX","og_type":"article","og_title":"Gummy Smile Reduction in Los Angeles | The Total Smile in LA","og_description":"Our gummy smile reduction treatment can help you achieve the smile of your dreams! Call for a free consultation","og_url":"https:\/\/thetotalsmile.com\/es\/reduccion-de-sonrisa-gingival-en-los-angeles\/","og_site_name":"The Total Smile - Dr. Alex Farnoosh","article_publisher":"https:\/\/www.facebook.com\/thetotalsmile\/","article_modified_time":"2023-05-19T16:44:14+00:00","og_image":[{"width":500,"height":334,"url":"https:\/\/thetotalsmile.com\/wp-content\/uploads\/2022\/04\/Gummy-Smile-Treatment-in-Los-Angeles.jpg","type":"image\/jpeg"}],"twitter_card":"summary_large_image","twitter_site":"@thetotalsmile","twitter_misc":{"Tiempo de lectura":"3 minutos"},"schema":{"@context":"https:\/\/schema.org","@graph":[{"@type":"WebPage","@id":"https:\/\/thetotalsmile.com\/gummy-smile-reduction-in-los-angeles\/","url":"https:\/\/thetotalsmile.com\/gummy-smile-reduction-in-los-angeles\/","name":"Reducci\u00f3n de sonrisa gingival en Los Angeles | The Total Smile in LA","isPartOf":{"@id":"https:\/\/thetotalsmile.com\/#website"},"primaryImageOfPage":{"@id":"https:\/\/thetotalsmile.com\/gummy-smile-reduction-in-los-angeles\/#primaryimage"},"image":{"@id":"https:\/\/thetotalsmile.com\/gummy-smile-reduction-in-los-angeles\/#primaryimage"},"thumbnailUrl":"https:\/\/thetotalsmile.com\/wp-content\/uploads\/2022\/04\/Gummy-Smile-Treatment-in-Los-Angeles.jpg","datePublished":"2022-04-08T19:47:42+00:00","dateModified":"2023-05-19T16:44:14+00:00","description":"Nuestro tratamiento de reducci\u00f3n de la sonrisa gingival puede ayudarle a conseguir la sonrisa de sus sue\u00f1os. Llame para una consulta gratuita","breadcrumb":{"@id":"https:\/\/thetotalsmile.com\/gummy-smile-reduction-in-los-angeles\/#breadcrumb"},"inLanguage":"es-MX","potentialAction":[{"@type":"ReadAction","target":["https:\/\/thetotalsmile.com\/gummy-smile-reduction-in-los-angeles\/"]}]},{"@type":"ImageObject","inLanguage":"es-MX","@id":"https:\/\/thetotalsmile.com\/gummy-smile-reduction-in-los-angeles\/#primaryimage","url":"https:\/\/thetotalsmile.com\/wp-content\/uploads\/2022\/04\/Gummy-Smile-Treatment-in-Los-Angeles.jpg","contentUrl":"https:\/\/thetotalsmile.com\/wp-content\/uploads\/2022\/04\/Gummy-Smile-Treatment-in-Los-Angeles.jpg","width":500,"height":334,"caption":"Gummy Smile Treatment in Los Angeles"},{"@type":"BreadcrumbList","@id":"https:\/\/thetotalsmile.com\/gummy-smile-reduction-in-los-angeles\/#breadcrumb","itemListElement":[{"@type":"ListItem","position":1,"name":"Home","item":"https:\/\/thetotalsmile.com\/"},{"@type":"ListItem","position":2,"name":"Gummy Smile Reduction in Los Angeles"}]},{"@type":"WebSite","@id":"https:\/\/thetotalsmile.com\/#website","url":"https:\/\/thetotalsmile.com\/","name":"La Sonrisa Total - Dr. Alex Farnoosh","description":"Sonrisa gingival y tratamiento de las enc\u00edas oscuras en Los \u00c1ngeles","publisher":{"@id":"https:\/\/thetotalsmile.com\/#organization"},"potentialAction":[{"@type":"SearchAction","target":{"@type":"EntryPoint","urlTemplate":"https:\/\/thetotalsmile.com\/?s={search_term_string}"},"query-input":{"@type":"PropertyValueSpecification","valueRequired":true,"valueName":"search_term_string"}}],"inLanguage":"es-MX"},{"@type":"Organization","@id":"https:\/\/thetotalsmile.com\/#organization","name":"La Sonrisa Total: Especialista en blanqueamiento de enc\u00edas","url":"https:\/\/thetotalsmile.com\/","logo":{"@type":"ImageObject","inLanguage":"es-MX","@id":"https:\/\/thetotalsmile.com\/#\/schema\/logo\/image\/","url":"https:\/\/thetotalsmile.com\/wp-content\/uploads\/2021\/09\/The-Total-Smile-Logo-Gummy-Smile-Dark-Gums-Periodontist-Los-Angeles-Dr.-Alex-Farnoosh.jpg","contentUrl":"https:\/\/thetotalsmile.com\/wp-content\/uploads\/2021\/09\/The-Total-Smile-Logo-Gummy-Smile-Dark-Gums-Periodontist-Los-Angeles-Dr.-Alex-Farnoosh.jpg","width":300,"height":300,"caption":"The Total Smile: Gum Bleaching Specialist"},"image":{"@id":"https:\/\/thetotalsmile.com\/#\/schema\/logo\/image\/"},"sameAs":["https:\/\/www.facebook.com\/thetotalsmile\/","https:\/\/x.com\/thetotalsmile"]}]}},"_links":{"self":[{"href":"https:\/\/thetotalsmile.com\/es\/wp-json\/wp\/v2\/pages\/5643","targetHints":{"allow":["GET"]}}],"collection":[{"href":"https:\/\/thetotalsmile.com\/es\/wp-json\/wp\/v2\/pages"}],"about":[{"href":"https:\/\/thetotalsmile.com\/es\/wp-json\/wp\/v2\/types\/page"}],"author":[{"embeddable":true,"href":"https:\/\/thetotalsmile.com\/es\/wp-json\/wp\/v2\/users\/4"}],"replies":[{"embeddable":true,"href":"https:\/\/thetotalsmile.com\/es\/wp-json\/wp\/v2\/comments?post=5643"}],"version-history":[{"count":0,"href":"https:\/\/thetotalsmile.com\/es\/wp-json\/wp\/v2\/pages\/5643\/revisions"}],"wp:featuredmedia":[{"embeddable":true,"href":"https:\/\/thetotalsmile.com\/es\/wp-json\/wp\/v2\/media\/5737"}],"wp:attachment":[{"href":"https:\/\/thetotalsmile.com\/es\/wp-json\/wp\/v2\/media?parent=5643"}],"curies":[{"name":"wp","href":"https:\/\/api.w.org\/{rel}","templated":true}]}}